{"id":4669,"date":"2021-08-16T22:38:49","date_gmt":"2021-08-16T22:38:49","guid":{"rendered":"https:\/\/cholesteroliprzysmaki.pl\/1-2\/"},"modified":"2025-06-25T08:43:17","modified_gmt":"2025-06-25T08:43:17","slug":"1-2","status":"publish","type":"page","link":"https:\/\/cholesteroliprzysmaki.pl\/","title":{"rendered":"Cholesterol I Przysmaki Strona G\u0142\u00f3wna"},"content":{"rendered":"<p><a href=\"tel:513%20876%20350\">Zam\u00f3wienia 513 876 350<\/a>\t\t<\/p>\n<h1>Restauracja zamkni\u0119ta<br \/>\n<br \/>\nzapraszamy do skorzystania z naszego Kateringu i sklepu<\/h1>\n<p>\t\t\t<a href=\"https:\/\/www.google.pl\/maps\/dir\/\/Retki%C5%84ska+64,+94-004+%C5%81%C3%B3d%C5%BA\/@51.7508265,19.4064101,15.33z\/data=!4m8!4m7!1m0!1m5!1m1!1s0x471a354026b6564b:0x189593fb7acb5983!2m2!1d19.4101571!2d51.7512526\">\u0141\u00f3d\u017a, ul. Retki\u0144ska 64<\/a>\t\t<\/p>\n<p>Maksymalne wykorzystanie potencja\u0142u keto<\/p>\n<p>I porywaj\u0105cy smak zdrowych posi\u0142k\u00f3w<\/p>\n<h2>\u0141\u00f3d\u017a keto sklep i catering<\/h2>\n<p>Nie jeste\u015bmy dla wszystkich<\/p>\n<p>\t\t\t\t\t\t\t\t\t\t\t\t<img decoding=\"async\" width=\"650\" height=\"564\" src=\"https:\/\/cholesteroliprzysmaki.pl\/wp-content\/uploads\/2023\/04\/Untitled-12.jpg\" alt=\"\" loading=\"lazy\" srcset=\"https:\/\/cholesteroliprzysmaki.pl\/wp-content\/uploads\/2023\/04\/Untitled-12.jpg 650w, https:\/\/cholesteroliprzysmaki.pl\/wp-content\/uploads\/2023\/04\/Untitled-12-300x260.jpg 300w, https:\/\/cholesteroliprzysmaki.pl\/wp-content\/uploads\/2023\/04\/Untitled-12-600x521.jpg 600w\" sizes=\"auto, (max-width: 650px) 100vw, 650px\" \/>\t\t\t\t\t\t\t\t\t\t\t\t\t\t<\/p>\n<h2>KETO  KATERING<br \/>\n<\/h2>\n<p>Skorzystaj z pysznej okazji. Zacznij regularnie cieszy\u0107 si\u0119 maksymaln\u0105 czysto\u015bci\u0105 umys\u0142u i pe\u0142ni\u0105 zdrowia.\n<\/p>\n<p>\t\t\t<a href=\"https:\/\/sklep.cholesteroliprzysmaki.pl\/keto-catering-lodz\/\" role=\"button\"><br \/>\n\t\t\t\t\t\twi\u0119cej informacji<br \/>\n\t\t\t\t\t<\/a><\/p>\n<h2>SKLEP RESTAURACJI<\/h2>\n<p>Poza mo\u017cliwo\u015bci\u0105 zam\u00f3wienia keto da\u0144 do domu, posiadamy r\u00f3wnie\u017c sklep internetowy z naszymi wypiekami.<\/p>\n<p>\t\t\t<a href=\"https:\/\/sklep.cholesteroliprzysmaki.pl\/\" role=\"button\"><br \/>\n\t\t\t\t\t\twi\u0119cej o SKLEPIE<br \/>\n\t\t\t\t\t<\/a><br \/>\n\t\t\t\t\t\t\t\t\t\t\t\t<img decoding=\"async\" width=\"2560\" height=\"2410\" src=\"https:\/\/cholesteroliprzysmaki.pl\/wp-content\/uploads\/2023\/04\/Untitled-4-scaled-1.jpg\" alt=\"\" loading=\"lazy\" srcset=\"https:\/\/cholesteroliprzysmaki.pl\/wp-content\/uploads\/2023\/04\/Untitled-4-scaled-1.jpg 2560w, https:\/\/cholesteroliprzysmaki.pl\/wp-content\/uploads\/2023\/04\/Untitled-4-scaled-1-300x282.jpg 300w, https:\/\/cholesteroliprzysmaki.pl\/wp-content\/uploads\/2023\/04\/Untitled-4-scaled-1-1024x964.jpg 1024w, https:\/\/cholesteroliprzysmaki.pl\/wp-content\/uploads\/2023\/04\/Untitled-4-scaled-1-768x723.jpg 768w, https:\/\/cholesteroliprzysmaki.pl\/wp-content\/uploads\/2023\/04\/Untitled-4-scaled-1-1536x1446.jpg 1536w, https:\/\/cholesteroliprzysmaki.pl\/wp-content\/uploads\/2023\/04\/Untitled-4-scaled-1-2048x1928.jpg 2048w, https:\/\/cholesteroliprzysmaki.pl\/wp-content\/uploads\/2023\/04\/Untitled-4-scaled-1-600x565.jpg 600w\" sizes=\"auto, (max-width: 2560px) 100vw, 2560px\" \/>\t\t\t\t\t\t\t\t\t\t\t\t\t\t<\/p>\n<h2>NASZE KETO POSI\u0141KI<\/h2>\n<p>Dla ludzi \u015bwiadomych i dbaj\u0105cych o zdrowie.<br \/>\n<br \/> Sprawd\u017a nasze menu klikaj\u0105c poni\u017cej.<\/p>\n<p>\t\t\t<a href=\"https:\/\/sklep.cholesteroliprzysmaki.pl\/\" role=\"button\"><br \/>\n\t\t\t\t\t\tZobacz menu<br \/>\n\t\t\t\t\t<\/a><\/p>\n<p>Nasz katering to wspania\u0142y spos\u00f3b \u017ceby odpocz\u0105\u0107 i odp\u0142yn\u0105\u0107 do krainy pyszno\u015bci. Pyszne jedzenie, niepowtarzalne dania lokalu i przemi\u0142a obs\u0142uga.<br \/>\nZapraszamy na smaczne i du\u017ce posi\u0142ki typu fast food z naszego kateringu.<\/p>\n<p>\t\t\t<iframe loading=\"lazy\"\n\t\t\t\t\tsrc=\"https:\/\/maps.google.com\/maps?q=Retki%C5%84ska%2064&#038;t=m&#038;z=13&#038;output=embed&#038;iwloc=near\"\n\t\t\t\t\ttitle=\"Retki\u0144ska 64\"\n\t\t\t\t\taria-label=\"Retki\u0144ska 64\"\n\t\t\t><\/iframe><\/p>\n","protected":false},"excerpt":{"rendered":"<p>Zam\u00f3wienia 513 876 350 Restauracja zamkni\u0119ta zapraszamy do skorzystania z naszego Kateringu i sklepu \u0141\u00f3d\u017a, ul. Retki\u0144ska 64 Maksymalne wykorzystanie potencja\u0142u keto I porywaj\u0105cy smak zdrowych posi\u0142k\u00f3w \u0141\u00f3d\u017a keto sklep i catering Nie jeste\u015bmy dla wszystkich KETO KATERING Skorzystaj z pysznej okazji. Zacznij regularnie cieszy\u0107 si\u0119 maksymaln\u0105 czysto\u015bci\u0105 umys\u0142u i pe\u0142ni\u0105 zdrowia. wi\u0119cej informacji SKLEP [&hellip;]<\/p>\n","protected":false},"author":1,"featured_media":0,"parent":0,"menu_order":0,"comment_status":"closed","ping_status":"closed","template":"","meta":{"footnotes":""},"class_list":["post-4669","page","type-page","status-publish","hentry"],"_links":{"self":[{"href":"https:\/\/cholesteroliprzysmaki.pl\/index.php?rest_route=\/wp\/v2\/pages\/4669","targetHints":{"allow":["GET"]}}],"collection":[{"href":"https:\/\/cholesteroliprzysmaki.pl\/index.php?rest_route=\/wp\/v2\/pages"}],"about":[{"href":"https:\/\/cholesteroliprzysmaki.pl\/index.php?rest_route=\/wp\/v2\/types\/page"}],"author":[{"embeddable":true,"href":"https:\/\/cholesteroliprzysmaki.pl\/index.php?rest_route=\/wp\/v2\/users\/1"}],"replies":[{"embeddable":true,"href":"https:\/\/cholesteroliprzysmaki.pl\/index.php?rest_route=%2Fwp%2Fv2%2Fcomments&post=4669"}],"version-history":[{"count":0,"href":"https:\/\/cholesteroliprzysmaki.pl\/index.php?rest_route=\/wp\/v2\/pages\/4669\/revisions"}],"wp:attachment":[{"href":"https:\/\/cholesteroliprzysmaki.pl\/index.php?rest_route=%2Fwp%2Fv2%2Fmedia&parent=4669"}],"curies":[{"name":"wp","href":"https:\/\/api.w.org\/{rel}","templated":true}]}}